{"id":1228,"date":"2024-02-27T11:09:10","date_gmt":"2024-02-27T10:09:10","guid":{"rendered":"https:\/\/criteris.cat\/sostenibilidad\/"},"modified":"2024-10-24T16:18:51","modified_gmt":"2024-10-24T14:18:51","slug":"sostenibilidad","status":"publish","type":"page","link":"https:\/\/criteris.cat\/es\/sostenibilidad\/","title":{"rendered":"Sostenibilidad"},"content":{"rendered":"\t\t<div data-elementor-type=\"wp-page\" data-elementor-id=\"1228\" class=\"elementor elementor-1228 elementor-267\" data-elementor-post-type=\"page\">\n\t\t\t\t<div class=\"elementor-element elementor-element-5809944d e-flex e-con-boxed e-con e-parent\" data-id=\"5809944d\" data-element_type=\"container\" data-e-type=\"container\" data-settings=\"{&quot;background_background&quot;:&quot;classic&quot;}\">\n\t\t\t\t\t<div class=\"e-con-inner\">\n\t\t<div class=\"elementor-element elementor-element-4d7b0874 e-flex e-con-boxed elementor-invisible e-con e-child\" data-id=\"4d7b0874\" data-element_type=\"container\" data-e-type=\"container\" data-settings=\"{&quot;animation&quot;:&quot;zoomIn&quot;}\">\n\t\t\t\t\t<div class=\"e-con-inner\">\n\t\t\t\t<div class=\"elementor-element elementor-element-1d5d759f elementor-widget elementor-widget-heading\" data-id=\"1d5d759f\" data-element_type=\"widget\" data-e-type=\"widget\" data-widget_type=\"heading.default\">\n\t\t\t\t<div class=\"elementor-widget-container\">\n\t\t\t\t\t<h1 class=\"elementor-heading-title elementor-size-default\">Sostenibilidad<\/h1>\t\t\t\t<\/div>\n\t\t\t\t<\/div>\n\t\t\t\t<div class=\"elementor-element elementor-element-2fd9a413 elementor-widget elementor-widget-heading\" data-id=\"2fd9a413\" data-element_type=\"widget\" data-e-type=\"widget\" data-widget_type=\"heading.default\">\n\t\t\t\t<div class=\"elementor-widget-container\">\n\t\t\t\t\t<h4 class=\"elementor-heading-title elementor-size-default\">Destaca por tu compromiso con la sostenibilidad<\/h4>\t\t\t\t<\/div>\n\t\t\t\t<\/div>\n\t\t\t\t\t<\/div>\n\t\t\t\t<\/div>\n\t\t\t\t\t<\/div>\n\t\t\t\t<\/div>\n\t\t<div class=\"elementor-element elementor-element-42c5f309 e-flex e-con-boxed e-con e-parent\" data-id=\"42c5f309\" data-element_type=\"container\" data-e-type=\"container\">\n\t\t\t\t\t<div class=\"e-con-inner\">\n\t\t<div class=\"elementor-element elementor-element-74ef3880 e-con-full e-flex elementor-invisible e-con e-child\" data-id=\"74ef3880\" data-element_type=\"container\" data-e-type=\"container\" data-settings=\"{&quot;animation&quot;:&quot;fadeInLeft&quot;}\">\n\t\t\t\t<div class=\"elementor-element elementor-element-5a7375f4 elementor-widget elementor-widget-image\" data-id=\"5a7375f4\" data-element_type=\"widget\" data-e-type=\"widget\" data-widget_type=\"image.default\">\n\t\t\t\t<div class=\"elementor-widget-container\">\n\t\t\t\t\t\t\t\t\t\t\t\t\t\t\t<img fetchpriority=\"high\" decoding=\"async\" width=\"900\" height=\"1050\" src=\"https:\/\/criteris.cat\/wp-content\/uploads\/2024\/05\/grow-sostenibilitat-criteris.jpg\" class=\"attachment-full size-full wp-image-1079\" alt=\"\" srcset=\"https:\/\/criteris.cat\/wp-content\/uploads\/2024\/05\/grow-sostenibilitat-criteris.jpg 900w, https:\/\/criteris.cat\/wp-content\/uploads\/2024\/05\/grow-sostenibilitat-criteris-257x300.jpg 257w, https:\/\/criteris.cat\/wp-content\/uploads\/2024\/05\/grow-sostenibilitat-criteris-878x1024.jpg 878w, https:\/\/criteris.cat\/wp-content\/uploads\/2024\/05\/grow-sostenibilitat-criteris-768x896.jpg 768w\" sizes=\"(max-width: 900px) 100vw, 900px\" \/>\t\t\t\t\t\t\t\t\t\t\t\t\t\t\t<\/div>\n\t\t\t\t<\/div>\n\t\t\t\t<\/div>\n\t\t<div class=\"elementor-element elementor-element-58d39740 e-con-full e-flex elementor-invisible e-con e-child\" data-id=\"58d39740\" data-element_type=\"container\" data-e-type=\"container\" data-settings=\"{&quot;background_background&quot;:&quot;classic&quot;,&quot;animation&quot;:&quot;fadeInRight&quot;}\">\n\t\t\t\t<div class=\"elementor-element elementor-element-64143b2d elementor-widget elementor-widget-heading\" data-id=\"64143b2d\" data-element_type=\"widget\" data-e-type=\"widget\" data-widget_type=\"heading.default\">\n\t\t\t\t<div class=\"elementor-widget-container\">\n\t\t\t\t\t<h2 class=\"elementor-heading-title elementor-size-default\">Metodolog\u00edas y sellos propios para destinos tur\u00edsticos sostenibles<\/h2>\t\t\t\t<\/div>\n\t\t\t\t<\/div>\n\t\t\t\t<div class=\"elementor-element elementor-element-219b3ab6 elementor-widget elementor-widget-heading\" data-id=\"219b3ab6\" data-element_type=\"widget\" data-e-type=\"widget\" data-widget_type=\"heading.default\">\n\t\t\t\t<div class=\"elementor-widget-container\">\n\t\t\t\t\t<div class=\"elementor-heading-title elementor-size-default\"><p style=\"text-align: justify\">Creamos soluciones innovadoras y sellos personalizados para <b>destinos tur\u00edsticos<\/b> comprometidos con la sostenibilidad, ayud\u00e1ndoles a destacar en un mercado cada vez m\u00e1s consciente y exigente.\n<br><br>\nSomos conscientes que muchas organizaciones ya est\u00e1n realizando entre sus actividades y servicios <b>buenas pr\u00e1cticas sostenibles<\/b>. Ayudamos a las organizaciones a ordenar y comunicar estas pr\u00e1cticas aportando valor a\u00f1adido y planteando nuevos retos. \n<br><br>\nAdecuamos procesos, servicios y formamos a los empleados. Metodolog\u00edas como sistemas de gesti\u00f3n ambientales, an\u00e1lisis de ciclos de vida y planes de circularidad, planes de derroche alimentario, implantaci\u00f3n de est\u00e1ndares internacionales como los ODS. Y con ambici\u00f3n de innovar os ofrecemos din\u00e1micas de costumer journey, desing thinking, enfoques participativos y colaborativos para <b>transformar procesos y servicios<\/b> en la l\u00ednea de la Sostenibilidad.<\/p><\/div>\t\t\t\t<\/div>\n\t\t\t\t<\/div>\n\t\t\t\t<\/div>\n\t\t\t\t\t<\/div>\n\t\t\t\t<\/div>\n\t\t<div class=\"elementor-element elementor-element-eeacb34 e-flex e-con-boxed e-con e-parent\" data-id=\"eeacb34\" data-element_type=\"container\" data-e-type=\"container\" data-settings=\"{&quot;background_background&quot;:&quot;classic&quot;}\">\n\t\t\t\t\t<div class=\"e-con-inner\">\n\t\t<div class=\"elementor-element elementor-element-397e305 e-con-full e-flex elementor-invisible e-con e-child\" data-id=\"397e305\" data-element_type=\"container\" data-e-type=\"container\" data-settings=\"{&quot;animation&quot;:&quot;fadeInRight&quot;}\">\n\t\t\t\t<div class=\"elementor-element elementor-element-6c88d17 elementor-widget elementor-widget-heading\" data-id=\"6c88d17\" data-element_type=\"widget\" data-e-type=\"widget\" data-widget_type=\"heading.default\">\n\t\t\t\t<div class=\"elementor-widget-container\">\n\t\t\t\t\t<h2 class=\"elementor-heading-title elementor-size-default\">Destaca por tu compromiso con la sostenibilidad<\/h2>\t\t\t\t<\/div>\n\t\t\t\t<\/div>\n\t\t\t\t<div class=\"elementor-element elementor-element-221f2ce elementor-widget elementor-widget-heading\" data-id=\"221f2ce\" data-element_type=\"widget\" data-e-type=\"widget\" data-widget_type=\"heading.default\">\n\t\t\t\t<div class=\"elementor-widget-container\">\n\t\t\t\t\t<h6 class=\"elementor-heading-title elementor-size-default\">Acredita tu organizaci\u00f3n con sellos de sostenibilidad reconocidos internacionalmente como <b>ISO, Reglamento Europeo Emas, ECOLABEL, BIOSPHERE<\/b> demostrando tu compromiso con la protecci\u00f3n del planeta y la mejora del bienestar social.<\/h6>\t\t\t\t<\/div>\n\t\t\t\t<\/div>\n\t\t\t\t<div class=\"elementor-element elementor-element-fde9176 elementor-mobile-align-center elementor-widget elementor-widget-button\" data-id=\"fde9176\" data-element_type=\"widget\" data-e-type=\"widget\" data-widget_type=\"button.default\">\n\t\t\t\t<div class=\"elementor-widget-container\">\n\t\t\t\t\t\t\t\t\t<div class=\"elementor-button-wrapper\">\n\t\t\t\t\t<a class=\"elementor-button elementor-button-link elementor-size-sm\" href=\"https:\/\/criteris.cat\/es\/contacto\/\">\n\t\t\t\t\t\t<span class=\"elementor-button-content-wrapper\">\n\t\t\t\t\t\t\t\t\t<span class=\"elementor-button-text\">Cont\u00e1ctanos<\/span>\n\t\t\t\t\t<\/span>\n\t\t\t\t\t<\/a>\n\t\t\t\t<\/div>\n\t\t\t\t\t\t\t\t<\/div>\n\t\t\t\t<\/div>\n\t\t\t\t<\/div>\n\t\t\t\t\t<\/div>\n\t\t\t\t<\/div>\n\t\t<div class=\"elementor-element elementor-element-6ae80d7c e-flex e-con-boxed e-con e-parent\" data-id=\"6ae80d7c\" data-element_type=\"container\" data-e-type=\"container\" data-settings=\"{&quot;background_background&quot;:&quot;classic&quot;}\">\n\t\t\t\t\t<div class=\"e-con-inner\">\n\t\t<div class=\"elementor-element elementor-element-7c85779 e-flex e-con-boxed elementor-invisible e-con e-child\" data-id=\"7c85779\" data-element_type=\"container\" data-e-type=\"container\" data-settings=\"{&quot;animation&quot;:&quot;zoomIn&quot;}\">\n\t\t\t\t\t<div class=\"e-con-inner\">\n\t\t\t\t<div class=\"elementor-element elementor-element-2074ef21 elementor-widget elementor-widget-heading\" data-id=\"2074ef21\" data-element_type=\"widget\" data-e-type=\"widget\" data-widget_type=\"heading.default\">\n\t\t\t\t<div class=\"elementor-widget-container\">\n\t\t\t\t\t<h6 class=\"elementor-heading-title elementor-size-default\">Resultados<\/h6>\t\t\t\t<\/div>\n\t\t\t\t<\/div>\n\t\t\t\t<div class=\"elementor-element elementor-element-2ac8bdc1 elementor-widget elementor-widget-heading\" data-id=\"2ac8bdc1\" data-element_type=\"widget\" data-e-type=\"widget\" data-widget_type=\"heading.default\">\n\t\t\t\t<div class=\"elementor-widget-container\">\n\t\t\t\t\t<h2 class=\"elementor-heading-title elementor-size-default\">Resultados clave en nuestros proyectos<\/h2>\t\t\t\t<\/div>\n\t\t\t\t<\/div>\n\t\t\t\t\t<\/div>\n\t\t\t\t<\/div>\n\t\t\t\t<div class=\"elementor-element elementor-element-262229e6 elementor-view-stacked elementor-shape-square elementor-widget__width-initial elementor-position-block-start elementor-mobile-position-block-start elementor-invisible elementor-widget elementor-widget-icon-box\" data-id=\"262229e6\" data-element_type=\"widget\" data-e-type=\"widget\" data-settings=\"{&quot;_animation&quot;:&quot;fadeInLeft&quot;}\" data-widget_type=\"icon-box.default\">\n\t\t\t\t<div class=\"elementor-widget-container\">\n\t\t\t\t\t\t\t<div class=\"elementor-icon-box-wrapper\">\n\n\t\t\t\t\t\t<div class=\"elementor-icon-box-icon\">\n\t\t\t\t<span  class=\"elementor-icon\">\n\t\t\t\t<i aria-hidden=\"true\" class=\"fas fa-map-pin\"><\/i>\t\t\t\t<\/span>\n\t\t\t<\/div>\n\t\t\t\n\t\t\t\t\t\t<div class=\"elementor-icon-box-content\">\n\n\t\t\t\t\t\t\t\t\t<div class=\"elementor-icon-box-title\">\n\t\t\t\t\t\t<span  >\n\t\t\t\t\t\t\tMejora de la reputaci\u00f3n y la imagen de marca\t\t\t\t\t\t<\/span>\n\t\t\t\t\t<\/div>\n\t\t\t\t\n\t\t\t\t\t\t\t\t\t<p class=\"elementor-icon-box-description\">\n\t\t\t\t\t\tAumentar la confianza de los clientes, los colaboradores, las personas trabajadoras y la comunidad en general.\t\t\t\t\t<\/p>\n\t\t\t\t\n\t\t\t<\/div>\n\t\t\t\n\t\t<\/div>\n\t\t\t\t\t\t<\/div>\n\t\t\t\t<\/div>\n\t\t\t\t<div class=\"elementor-element elementor-element-2cd6943 elementor-view-stacked elementor-shape-square elementor-widget__width-initial elementor-position-block-start elementor-mobile-position-block-start elementor-invisible elementor-widget elementor-widget-icon-box\" data-id=\"2cd6943\" data-element_type=\"widget\" data-e-type=\"widget\" data-settings=\"{&quot;_animation&quot;:&quot;fadeInLeft&quot;}\" data-widget_type=\"icon-box.default\">\n\t\t\t\t<div class=\"elementor-widget-container\">\n\t\t\t\t\t\t\t<div class=\"elementor-icon-box-wrapper\">\n\n\t\t\t\t\t\t<div class=\"elementor-icon-box-icon\">\n\t\t\t\t<span  class=\"elementor-icon\">\n\t\t\t\t<i aria-hidden=\"true\" class=\"fas fa-compass\"><\/i>\t\t\t\t<\/span>\n\t\t\t<\/div>\n\t\t\t\n\t\t\t\t\t\t<div class=\"elementor-icon-box-content\">\n\n\t\t\t\t\t\t\t\t\t<div class=\"elementor-icon-box-title\">\n\t\t\t\t\t\t<span  >\n\t\t\t\t\t\t\tNuevos mercados y oportunidades de negocio\t\t\t\t\t\t<\/span>\n\t\t\t\t\t<\/div>\n\t\t\t\t\n\t\t\t\t\t\t\t\t\t<p class=\"elementor-icon-box-description\">\n\t\t\t\t\t\tCaptar nuevos segmentos de clientes m\u00e1s conscientes y exigentes, as\u00ed como a programas de subvenci\u00f3n o financiaci\u00f3n para iniciativas sostenibles.\t\t\t\t\t<\/p>\n\t\t\t\t\n\t\t\t<\/div>\n\t\t\t\n\t\t<\/div>\n\t\t\t\t\t\t<\/div>\n\t\t\t\t<\/div>\n\t\t\t\t<div class=\"elementor-element elementor-element-365527a elementor-view-stacked elementor-shape-square elementor-widget__width-initial elementor-position-block-start elementor-mobile-position-block-start elementor-invisible elementor-widget elementor-widget-icon-box\" data-id=\"365527a\" data-element_type=\"widget\" data-e-type=\"widget\" data-settings=\"{&quot;_animation&quot;:&quot;fadeInLeft&quot;}\" data-widget_type=\"icon-box.default\">\n\t\t\t\t<div class=\"elementor-widget-container\">\n\t\t\t\t\t\t\t<div class=\"elementor-icon-box-wrapper\">\n\n\t\t\t\t\t\t<div class=\"elementor-icon-box-icon\">\n\t\t\t\t<span  class=\"elementor-icon\">\n\t\t\t\t<i aria-hidden=\"true\" class=\"icon icon-line-chart\"><\/i>\t\t\t\t<\/span>\n\t\t\t<\/div>\n\t\t\t\n\t\t\t\t\t\t<div class=\"elementor-icon-box-content\">\n\n\t\t\t\t\t\t\t\t\t<div class=\"elementor-icon-box-title\">\n\t\t\t\t\t\t<span  >\n\t\t\t\t\t\t\tReducci\u00f3n de costes y eficiencia operativa\t\t\t\t\t\t<\/span>\n\t\t\t\t\t<\/div>\n\t\t\t\t\n\t\t\t\t\t\t\t\t\t<p class=\"elementor-icon-box-description\">\n\t\t\t\t\t\tReducir consumos de energ\u00eda, agua y otros recursos, as\u00ed como la generaci\u00f3n de residuos, mejorando la eficiencia y reduciendo los costes operativos.\t\t\t\t\t<\/p>\n\t\t\t\t\n\t\t\t<\/div>\n\t\t\t\n\t\t<\/div>\n\t\t\t\t\t\t<\/div>\n\t\t\t\t<\/div>\n\t\t\t\t<div class=\"elementor-element elementor-element-78512cc elementor-view-stacked elementor-shape-square elementor-widget__width-initial elementor-position-block-start elementor-mobile-position-block-start elementor-invisible elementor-widget elementor-widget-icon-box\" data-id=\"78512cc\" data-element_type=\"widget\" data-e-type=\"widget\" data-settings=\"{&quot;_animation&quot;:&quot;fadeInLeft&quot;}\" data-widget_type=\"icon-box.default\">\n\t\t\t\t<div class=\"elementor-widget-container\">\n\t\t\t\t\t\t\t<div class=\"elementor-icon-box-wrapper\">\n\n\t\t\t\t\t\t<div class=\"elementor-icon-box-icon\">\n\t\t\t\t<span  class=\"elementor-icon\">\n\t\t\t\t<i aria-hidden=\"true\" class=\"fas fa-fan\"><\/i>\t\t\t\t<\/span>\n\t\t\t<\/div>\n\t\t\t\n\t\t\t\t\t\t<div class=\"elementor-icon-box-content\">\n\n\t\t\t\t\t\t\t\t\t<div class=\"elementor-icon-box-title\">\n\t\t\t\t\t\t<span  >\n\t\t\t\t\t\t\tContribuci\u00f3n al desarrollo sostenible\t\t\t\t\t\t<\/span>\n\t\t\t\t\t<\/div>\n\t\t\t\t\n\t\t\t\t\t\t\t\t\t<p class=\"elementor-icon-box-description\">\n\t\t\t\t\t\tImpacto positivo en la sociedad y el medio ambiente, a la vez que se mantiene un negocio viable a largo plazo.\t\t\t\t\t<\/p>\n\t\t\t\t\n\t\t\t<\/div>\n\t\t\t\n\t\t<\/div>\n\t\t\t\t\t\t<\/div>\n\t\t\t\t<\/div>\n\t\t\t\t\t<\/div>\n\t\t\t\t<\/div>\n\t\t\t\t<\/div>\n\t\t","protected":false},"excerpt":{"rendered":"<p>Destaca por tu compromiso con la sostenibilidad Metodolog\u00edas y sellos propios para destinos tur\u00edsticos sostenibles Creamos soluciones innovadoras y sellos personalizados para destinos tur\u00edsticos comprometidos con la sostenibilidad, ayud\u00e1ndoles a destacar en un mercado cada vez m\u00e1s consciente y exigente. Somos conscientes que muchas organizaciones ya est\u00e1n realizando entre sus actividades y servicios buenas pr\u00e1cticas [&hellip;]<\/p>\n","protected":false},"author":2,"featured_media":0,"parent":0,"menu_order":0,"comment_status":"closed","ping_status":"closed","template":"elementor_header_footer","meta":{"_joinchat":[],"footnotes":""},"class_list":["post-1228","page","type-page","status-publish","hentry"],"yoast_head":"<!-- This site is optimized with the Yoast SEO plugin v26.6 - https:\/\/yoast.com\/wordpress\/plugins\/seo\/ -->\n<title>Sostenibilidad - Criteris<\/title>\n<meta name=\"robots\" content=\"index, follow, max-snippet:-1, max-image-preview:large, max-video-preview:-1\" \/>\n<link rel=\"canonical\" href=\"https:\/\/criteris.cat\/es\/sostenibilidad\/\" \/>\n<meta property=\"og:locale\" content=\"es_ES\" \/>\n<meta property=\"og:type\" content=\"article\" \/>\n<meta property=\"og:title\" content=\"Sostenibilidad - Criteris\" \/>\n<meta property=\"og:description\" content=\"Destaca por tu compromiso con la sostenibilidad Metodolog\u00edas y sellos propios para destinos tur\u00edsticos sostenibles Creamos soluciones innovadoras y sellos personalizados para destinos tur\u00edsticos comprometidos con la sostenibilidad, ayud\u00e1ndoles a destacar en un mercado cada vez m\u00e1s consciente y exigente. Somos conscientes que muchas organizaciones ya est\u00e1n realizando entre sus actividades y servicios buenas pr\u00e1cticas [&hellip;]\" \/>\n<meta property=\"og:url\" content=\"https:\/\/criteris.cat\/es\/sostenibilidad\/\" \/>\n<meta property=\"og:site_name\" content=\"Criteris\" \/>\n<meta property=\"article:modified_time\" content=\"2024-10-24T14:18:51+00:00\" \/>\n<meta property=\"og:image\" content=\"https:\/\/criteris.cat\/wp-content\/uploads\/2024\/05\/grow-sostenibilitat-criteris.jpg\" \/>\n\t<meta property=\"og:image:width\" content=\"900\" \/>\n\t<meta property=\"og:image:height\" content=\"1050\" \/>\n\t<meta property=\"og:image:type\" content=\"image\/jpeg\" \/>\n<meta name=\"twitter:card\" content=\"summary_large_image\" \/>\n<meta name=\"twitter:label1\" content=\"Tiempo de lectura\" \/>\n\t<meta name=\"twitter:data1\" content=\"2 minutos\" \/>\n<script type=\"application\/ld+json\" class=\"yoast-schema-graph\">{\"@context\":\"https:\/\/schema.org\",\"@graph\":[{\"@type\":\"WebPage\",\"@id\":\"https:\/\/criteris.cat\/es\/sostenibilidad\/\",\"url\":\"https:\/\/criteris.cat\/es\/sostenibilidad\/\",\"name\":\"Sostenibilidad - Criteris\",\"isPartOf\":{\"@id\":\"https:\/\/criteris.cat\/es\/#website\"},\"primaryImageOfPage\":{\"@id\":\"https:\/\/criteris.cat\/es\/sostenibilidad\/#primaryimage\"},\"image\":{\"@id\":\"https:\/\/criteris.cat\/es\/sostenibilidad\/#primaryimage\"},\"thumbnailUrl\":\"https:\/\/criteris.cat\/wp-content\/uploads\/2024\/05\/grow-sostenibilitat-criteris.jpg\",\"datePublished\":\"2024-02-27T10:09:10+00:00\",\"dateModified\":\"2024-10-24T14:18:51+00:00\",\"breadcrumb\":{\"@id\":\"https:\/\/criteris.cat\/es\/sostenibilidad\/#breadcrumb\"},\"inLanguage\":\"es\",\"potentialAction\":[{\"@type\":\"ReadAction\",\"target\":[\"https:\/\/criteris.cat\/es\/sostenibilidad\/\"]}]},{\"@type\":\"ImageObject\",\"inLanguage\":\"es\",\"@id\":\"https:\/\/criteris.cat\/es\/sostenibilidad\/#primaryimage\",\"url\":\"https:\/\/criteris.cat\/wp-content\/uploads\/2024\/05\/grow-sostenibilitat-criteris.jpg\",\"contentUrl\":\"https:\/\/criteris.cat\/wp-content\/uploads\/2024\/05\/grow-sostenibilitat-criteris.jpg\"},{\"@type\":\"BreadcrumbList\",\"@id\":\"https:\/\/criteris.cat\/es\/sostenibilidad\/#breadcrumb\",\"itemListElement\":[{\"@type\":\"ListItem\",\"position\":1,\"name\":\"Portada\",\"item\":\"https:\/\/criteris.cat\/es\/inicio\/\"},{\"@type\":\"ListItem\",\"position\":2,\"name\":\"Sostenibilidad\"}]},{\"@type\":\"WebSite\",\"@id\":\"https:\/\/criteris.cat\/es\/#website\",\"url\":\"https:\/\/criteris.cat\/es\/\",\"name\":\"Criteris\",\"description\":\"Consultoria de Desenvolupoament, Qualitat i Millora continua\",\"publisher\":{\"@id\":\"https:\/\/criteris.cat\/es\/#organization\"},\"potentialAction\":[{\"@type\":\"SearchAction\",\"target\":{\"@type\":\"EntryPoint\",\"urlTemplate\":\"https:\/\/criteris.cat\/es\/?s={search_term_string}\"},\"query-input\":{\"@type\":\"PropertyValueSpecification\",\"valueRequired\":true,\"valueName\":\"search_term_string\"}}],\"inLanguage\":\"es\"},{\"@type\":\"Organization\",\"@id\":\"https:\/\/criteris.cat\/es\/#organization\",\"name\":\"Criteris\",\"url\":\"https:\/\/criteris.cat\/es\/\",\"logo\":{\"@type\":\"ImageObject\",\"inLanguage\":\"es\",\"@id\":\"https:\/\/criteris.cat\/es\/#\/schema\/logo\/image\/\",\"url\":\"https:\/\/criteris.cat\/wp-content\/uploads\/2024\/02\/cropped-logo-nou.png\",\"contentUrl\":\"https:\/\/criteris.cat\/wp-content\/uploads\/2024\/02\/cropped-logo-nou.png\",\"width\":864,\"height\":247,\"caption\":\"Criteris\"},\"image\":{\"@id\":\"https:\/\/criteris.cat\/es\/#\/schema\/logo\/image\/\"}}]}<\/script>\n<!-- \/ Yoast SEO plugin. -->","yoast_head_json":{"title":"Sostenibilidad - Criteris","robots":{"index":"index","follow":"follow","max-snippet":"max-snippet:-1","max-image-preview":"max-image-preview:large","max-video-preview":"max-video-preview:-1"},"canonical":"https:\/\/criteris.cat\/es\/sostenibilidad\/","og_locale":"es_ES","og_type":"article","og_title":"Sostenibilidad - Criteris","og_description":"Destaca por tu compromiso con la sostenibilidad Metodolog\u00edas y sellos propios para destinos tur\u00edsticos sostenibles Creamos soluciones innovadoras y sellos personalizados para destinos tur\u00edsticos comprometidos con la sostenibilidad, ayud\u00e1ndoles a destacar en un mercado cada vez m\u00e1s consciente y exigente. Somos conscientes que muchas organizaciones ya est\u00e1n realizando entre sus actividades y servicios buenas pr\u00e1cticas [&hellip;]","og_url":"https:\/\/criteris.cat\/es\/sostenibilidad\/","og_site_name":"Criteris","article_modified_time":"2024-10-24T14:18:51+00:00","og_image":[{"width":900,"height":1050,"url":"https:\/\/criteris.cat\/wp-content\/uploads\/2024\/05\/grow-sostenibilitat-criteris.jpg","type":"image\/jpeg"}],"twitter_card":"summary_large_image","twitter_misc":{"Tiempo de lectura":"2 minutos"},"schema":{"@context":"https:\/\/schema.org","@graph":[{"@type":"WebPage","@id":"https:\/\/criteris.cat\/es\/sostenibilidad\/","url":"https:\/\/criteris.cat\/es\/sostenibilidad\/","name":"Sostenibilidad - Criteris","isPartOf":{"@id":"https:\/\/criteris.cat\/es\/#website"},"primaryImageOfPage":{"@id":"https:\/\/criteris.cat\/es\/sostenibilidad\/#primaryimage"},"image":{"@id":"https:\/\/criteris.cat\/es\/sostenibilidad\/#primaryimage"},"thumbnailUrl":"https:\/\/criteris.cat\/wp-content\/uploads\/2024\/05\/grow-sostenibilitat-criteris.jpg","datePublished":"2024-02-27T10:09:10+00:00","dateModified":"2024-10-24T14:18:51+00:00","breadcrumb":{"@id":"https:\/\/criteris.cat\/es\/sostenibilidad\/#breadcrumb"},"inLanguage":"es","potentialAction":[{"@type":"ReadAction","target":["https:\/\/criteris.cat\/es\/sostenibilidad\/"]}]},{"@type":"ImageObject","inLanguage":"es","@id":"https:\/\/criteris.cat\/es\/sostenibilidad\/#primaryimage","url":"https:\/\/criteris.cat\/wp-content\/uploads\/2024\/05\/grow-sostenibilitat-criteris.jpg","contentUrl":"https:\/\/criteris.cat\/wp-content\/uploads\/2024\/05\/grow-sostenibilitat-criteris.jpg"},{"@type":"BreadcrumbList","@id":"https:\/\/criteris.cat\/es\/sostenibilidad\/#breadcrumb","itemListElement":[{"@type":"ListItem","position":1,"name":"Portada","item":"https:\/\/criteris.cat\/es\/inicio\/"},{"@type":"ListItem","position":2,"name":"Sostenibilidad"}]},{"@type":"WebSite","@id":"https:\/\/criteris.cat\/es\/#website","url":"https:\/\/criteris.cat\/es\/","name":"Criteris","description":"Consultoria de Desenvolupoament, Qualitat i Millora continua","publisher":{"@id":"https:\/\/criteris.cat\/es\/#organization"},"potentialAction":[{"@type":"SearchAction","target":{"@type":"EntryPoint","urlTemplate":"https:\/\/criteris.cat\/es\/?s={search_term_string}"},"query-input":{"@type":"PropertyValueSpecification","valueRequired":true,"valueName":"search_term_string"}}],"inLanguage":"es"},{"@type":"Organization","@id":"https:\/\/criteris.cat\/es\/#organization","name":"Criteris","url":"https:\/\/criteris.cat\/es\/","logo":{"@type":"ImageObject","inLanguage":"es","@id":"https:\/\/criteris.cat\/es\/#\/schema\/logo\/image\/","url":"https:\/\/criteris.cat\/wp-content\/uploads\/2024\/02\/cropped-logo-nou.png","contentUrl":"https:\/\/criteris.cat\/wp-content\/uploads\/2024\/02\/cropped-logo-nou.png","width":864,"height":247,"caption":"Criteris"},"image":{"@id":"https:\/\/criteris.cat\/es\/#\/schema\/logo\/image\/"}}]}},"_links":{"self":[{"href":"https:\/\/criteris.cat\/es\/wp-json\/wp\/v2\/pages\/1228","targetHints":{"allow":["GET"]}}],"collection":[{"href":"https:\/\/criteris.cat\/es\/wp-json\/wp\/v2\/pages"}],"about":[{"href":"https:\/\/criteris.cat\/es\/wp-json\/wp\/v2\/types\/page"}],"author":[{"embeddable":true,"href":"https:\/\/criteris.cat\/es\/wp-json\/wp\/v2\/users\/2"}],"replies":[{"embeddable":true,"href":"https:\/\/criteris.cat\/es\/wp-json\/wp\/v2\/comments?post=1228"}],"version-history":[{"count":5,"href":"https:\/\/criteris.cat\/es\/wp-json\/wp\/v2\/pages\/1228\/revisions"}],"predecessor-version":[{"id":1384,"href":"https:\/\/criteris.cat\/es\/wp-json\/wp\/v2\/pages\/1228\/revisions\/1384"}],"wp:attachment":[{"href":"https:\/\/criteris.cat\/es\/wp-json\/wp\/v2\/media?parent=1228"}],"curies":[{"name":"wp","href":"https:\/\/api.w.org\/{rel}","templated":true}]}}